{"id":43,"date":"2026-03-15T16:13:27","date_gmt":"2026-03-15T16:13:27","guid":{"rendered":"https:\/\/animal-media.de\/?page_id=43"},"modified":"2026-03-15T16:27:00","modified_gmt":"2026-03-15T16:27:00","slug":"gedanken-und-konzepte","status":"publish","type":"page","link":"https:\/\/animal-media.de\/?page_id=43","title":{"rendered":"Gedanken und Konzepte"},"content":{"rendered":"\n<p>Musik ist f\u00fcr mich weit mehr als nur Klang oder Unterhaltung \u2013 sie ist eine universelle Sprache.<\/p>\n\n\n\n<p>Eine Sprache, die Menschen auf der ganzen Welt miteinander verbindet, unabh\u00e4ngig von Herkunft, Kultur oder Sprache.<\/p>\n\n\n\n<p>In meinen Augen kann Musik jeder verstehen, wenn er bereit ist, sein Herz daf\u00fcr zu \u00f6ffnen.<\/p>\n\n\n\n<p>Melodien, Rhythmen und Kl\u00e4nge tragen Emotionen in sich, die oft mehr ausdr\u00fccken k\u00f6nnen als Worte.<\/p>\n\n\n\n<p>Sie erz\u00e4hlen Geschichten, vermitteln Stimmungen und schaffen Verbindungen zwischen Menschen, die sich vielleicht noch nie begegnet sind.<\/p>\n\n\n\n<p><\/p>\n\n\n\n<p><\/p>\n\n\n\n<p>Auf dieser Seite m\u00f6chte ich Einblicke in meine musikalische Arbeit geben.<\/p>\n\n\n\n<p>Dabei werde ich unter anderem kurz auf die Entstehung einiger Songs eingehen und die Ideen sowie Konzepte vorstellen, die hinter ihnen stehen. Jeder Song hat seine eigene Geschichte \u2013 manchmal inspiriert durch pers\u00f6nliche Erfahrungen, manchmal durch Gedanken, Beobachtungen oder einfach durch einen besonderen Moment.<\/p>\n\n\n\n<p>Diese Einblicke sollen nicht nur den kreativen Prozess sichtbar machen, sondern auch zeigen, wie aus einer Idee Schritt f\u00fcr Schritt Musik entsteht.<\/p>\n\n\n\n<p><\/p>\n","protected":false},"excerpt":{"rendered":"<p>Musik ist f\u00fcr mich weit mehr als nur Klang oder Unterhaltung \u2013 sie ist eine universelle Sprache. Eine Sprache, die Menschen auf der ganzen Welt miteinander verbindet, unabh\u00e4ngig von Herkunft, Kultur oder Sprache. In meinen Augen kann Musik jeder verstehen, wenn er bereit ist, sein Herz daf\u00fcr zu \u00f6ffnen. Melodien, Rhythmen und Kl\u00e4nge tragen Emotionen [&hellip;]<\/p>\n","protected":false},"author":1,"featured_media":0,"parent":0,"menu_order":0,"comment_status":"closed","ping_status":"closed","template":"","meta":{"_coblocks_attr":"","_coblocks_dimensions":"","_coblocks_responsive_height":"","_coblocks_accordion_ie_support":"","footnotes":""},"class_list":["post-43","page","type-page","status-publish","hentry"],"_links":{"self":[{"href":"https:\/\/animal-media.de\/index.php?rest_route=\/wp\/v2\/pages\/43","targetHints":{"allow":["GET"]}}],"collection":[{"href":"https:\/\/animal-media.de\/index.php?rest_route=\/wp\/v2\/pages"}],"about":[{"href":"https:\/\/animal-media.de\/index.php?rest_route=\/wp\/v2\/types\/page"}],"author":[{"embeddable":true,"href":"https:\/\/animal-media.de\/index.php?rest_route=\/wp\/v2\/users\/1"}],"replies":[{"embeddable":true,"href":"https:\/\/animal-media.de\/index.php?rest_route=%2Fwp%2Fv2%2Fcomments&post=43"}],"version-history":[{"count":2,"href":"https:\/\/animal-media.de\/index.php?rest_route=\/wp\/v2\/pages\/43\/revisions"}],"predecessor-version":[{"id":61,"href":"https:\/\/animal-media.de\/index.php?rest_route=\/wp\/v2\/pages\/43\/revisions\/61"}],"wp:attachment":[{"href":"https:\/\/animal-media.de\/index.php?rest_route=%2Fwp%2Fv2%2Fmedia&parent=43"}],"curies":[{"name":"wp","href":"https:\/\/api.w.org\/{rel}","templated":true}]}}